{"id":3068,"date":"2020-03-19T02:29:39","date_gmt":"2020-03-19T01:29:39","guid":{"rendered":"https:\/\/www.pressensa.com\/producto\/revitalesse-pour-le-visage\/"},"modified":"2020-03-19T02:29:39","modified_gmt":"2020-03-19T01:29:39","slug":"revitalesse-pour-le-visage","status":"publish","type":"product","link":"https:\/\/www.pressensa.com\/fr\/producto\/revitalesse-pour-le-visage\/","title":{"rendered":"Revitalesse"},"content":{"rendered":"","protected":false},"excerpt":{"rendered":"<\/p>\n<p style=\"margin-bottom:0cm;\"><span style=\"color:#000000;\"><strong>Revitalesse pour le visage.<\/strong> Formule synergique anti-rides et vieillissement cutan\u00e9. Am\u00e9liore la douceur de la peau, favorise l&rsquo;\u00e9lasticit\u00e9 des tissus \u00e9pidermiques et dermiques et r\u00e9duit l&rsquo;oxydation cellulaire en neutralisant les radicaux libres.<\/span><\/p>\n<\/p>\n<p style=\"margin-bottom:0cm;\"><span style=\"color:#000000;\"><strong>ACIDE HYALURONIQUE 1,5%:<\/strong> Hydrate la peau, corrige et att\u00e9nue les rides profondes, active la synth\u00e8se de collag\u00e8ne et la fonction fibroblastique.<\/span><\/p>\n<\/p>\n<p style=\"margin-bottom:0cm;\"><span style=\"color:#000000;\"><strong>X-DNA 1%:<\/strong> Reconstruit le tissu conjonctif du derme en particulier la prot\u00e9ine de collag\u00e8ne<\/span><\/p>\n<\/p>\n<p style=\"margin-bottom:0cm;\"><span style=\"color:#000000;\"><strong>DMAE 1%:<\/strong> r\u00e9affirme les tissus cutan\u00e9s, contrecarre l&rsquo;affaissement, stabilise la membrane cellulaire et contribue \u00e0 l&rsquo;\u00e9lasticit\u00e9 des tissus cutan\u00e9s.<\/span><\/p>\n<\/p>\n<p style=\"margin-bottom:0cm;\"><span style=\"color:#000000;\"><strong>SILICIUM ORGANIQUE 1%:<\/strong> Il est essentiel pour la mise en place de la structure du derme, unifie les glycosaminoglycanes avec des polyuroniques cr\u00e9ant des ponts entre eux; d\u00e9termine la conformation structurelle du tissu conjonctif.<\/span><\/p>\n<\/p>\n<p style=\"margin-bottom:0cm;\"><span style=\"color:#000000;\"><strong>MANNITOL 0,3%:<\/strong> Substance \u00e0 grande capacit\u00e9 osmotique, ralentissant la d\u00e9gradation de l&rsquo;acide hyaluronique.<\/span><\/p>\n<\/p>\n<p style=\"margin-bottom:0cm;\"><span style=\"color:#000000;\"><strong>SORBITOL 0,2%:<\/strong> poss\u00e8de des propri\u00e9t\u00e9s hydratantes et stabilisantes, ce qui conf\u00e8re une certaine hydratation occlusive. Il pr\u00e9vient l&rsquo;inflammation du tissu conjonctif et apporte douceur et lubrification dans la zone appliqu\u00e9e.<\/span><\/p>\n<\/p>\n<p style=\"margin-bottom:0cm;\"><span style=\"color:#000000;\"><strong>PANTHENOL 1%:<\/strong> P\u00e9n\u00e8tre profond\u00e9ment dans les couches de la peau; y pr\u00e9serve l&rsquo;humidit\u00e9 naturelle, aide \u00e0 maintenir une peau saine et \u00e0 stabiliser son m\u00e9tabolisme.<\/span><\/p>\n<\/p>\n<p style=\"margin-bottom:0cm;\"><span style=\"color:#000000;\"><strong>GLUTATHIONE 0,5%:<\/strong> Une substance tr\u00e8s importante pour la protection cellulaire. Il agit comme un puissant antioxydant, renforce le niveau immunitaire et a des effets d\u00e9toxifiants.<\/span><\/p>\n<\/p>\n<p style=\"margin-bottom:0cm;\"><span style=\"color:#000000;\"><strong>INDICATIONS:<\/strong> Hydratation cutan\u00e9e profonde et durable. Ralentissement du vieillissement de la peau. R\u00e9duit les rides et ridules. Stimule la synth\u00e8se du collag\u00e8ne.<\/span><\/p><\/p>\n","protected":false},"featured_media":3062,"comment_status":"open","ping_status":"closed","template":"","meta":{"site-sidebar-layout":"default","site-content-layout":"","ast-site-content-layout":"default","site-content-style":"default","site-sidebar-style":"default","ast-global-header-display":"","ast-banner-title-visibility":"","ast-main-header-display":"","ast-hfb-above-header-display":"","ast-hfb-below-header-display":"","ast-hfb-mobile-header-display":"","site-post-title":"","ast-breadcrumbs-content":"","ast-featured-img":"","footer-sml-layout":"","ast-disable-related-posts":"","theme-transparent-header-meta":"","adv-header-id-meta":"","stick-header-meta":"","header-above-stick-meta":"","header-main-stick-meta":"","header-below-stick-meta":"","astra-migrate-meta-layouts":"default","ast-page-background-enabled":"default","ast-page-background-meta":{"desktop":{"background-color":"","background-image":"","background-repeat":"repeat","background-position":"center center","background-size":"auto","background-attachment":"scroll","background-type":"","background-media":"","overlay-type":"","overlay-color":"","overlay-opacity":"","overlay-gradient":""},"tablet":{"background-color":"","background-image":"","background-repeat":"repeat","background-position":"center center","background-size":"auto","background-attachment":"scroll","background-type":"","background-media":"","overlay-type":"","overlay-color":"","overlay-opacity":"","overlay-gradient":""},"mobile":{"background-color":"","background-image":"","background-repeat":"repeat","background-position":"center center","background-size":"auto","background-attachment":"scroll","background-type":"","background-media":"","overlay-type":"","overlay-color":"","overlay-opacity":"","overlay-gradient":""}},"ast-content-background-meta":{"desktop":{"background-color":"var(--ast-global-color-5)","background-image":"","background-repeat":"repeat","background-position":"center center","background-size":"auto","background-attachment":"scroll","background-type":"","background-media":"","overlay-type":"","overlay-color":"","overlay-opacity":"","overlay-gradient":""},"tablet":{"background-color":"var(--ast-global-color-5)","background-image":"","background-repeat":"repeat","background-position":"center center","background-size":"auto","background-attachment":"scroll","background-type":"","background-media":"","overlay-type":"","overlay-color":"","overlay-opacity":"","overlay-gradient":""},"mobile":{"background-color":"var(--ast-global-color-5)","background-image":"","background-repeat":"repeat","background-position":"center center","background-size":"auto","background-attachment":"scroll","background-type":"","background-media":"","overlay-type":"","overlay-color":"","overlay-opacity":"","overlay-gradient":""}},"_joinchat":[]},"product_brand":[],"product_cat":[2012,1984,1956,1976,1844,1796],"product_tag":[],"class_list":{"0":"post-3068","1":"product","2":"type-product","3":"status-publish","4":"has-post-thumbnail","6":"product_cat-anti-age","7":"product_cat-fermete","8":"product_cat-hydratation-et-nutrition","9":"product_cat-lissage-des-rides","10":"product_cat-revitalesse-fr","11":"product_cat-solutions-avancees-dermos","12":"desktop-align-left","13":"tablet-align-left","14":"mobile-align-left","15":"ast-product-gallery-layout-horizontal-slider","16":"ast-product-tabs-layout-horizontal","17":"ast-qv-on-image","19":"first","20":"instock","21":"taxable","22":"shipping-taxable","23":"purchasable","24":"product-type-simple"},"yoast_head":"<!-- This site is optimized with the Yoast SEO plugin v27.3 - https:\/\/yoast.com\/product\/yoast-seo-wordpress\/ -->\n<title>Revitalesse - Pressensa<\/title>\n<meta name=\"robots\" content=\"noindex, follow, max-snippet:-1, max-image-preview:large, max-video-preview:-1\" \/>\n<meta property=\"og:locale\" content=\"fr_FR\" \/>\n<meta property=\"og:type\" content=\"article\" \/>\n<meta property=\"og:title\" content=\"Revitalesse - Pressensa\" \/>\n<meta property=\"og:description\" content=\"Revitalesse pour le visage. Formule synergique anti-rides et vieillissement cutan\u00e9. Am\u00e9liore la douceur de la peau, favorise l&#039;\u00e9lasticit\u00e9 des tissus \u00e9pidermiques et dermiques et r\u00e9duit l&#039;oxydation cellulaire en neutralisant les radicaux libres. ACIDE HYALURONIQUE 1,5%: Hydrate la peau, corrige et att\u00e9nue les rides profondes, active la synth\u00e8se de collag\u00e8ne et la fonction fibroblastique. X-DNA 1%: Reconstruit le tissu conjonctif du derme en particulier la prot\u00e9ine de collag\u00e8ne DMAE 1%: r\u00e9affirme les tissus cutan\u00e9s, contrecarre l&#039;affaissement, stabilise la membrane cellulaire et contribue \u00e0 l&#039;\u00e9lasticit\u00e9 des tissus cutan\u00e9s. SILICIUM ORGANIQUE 1%: Il est essentiel pour la mise en place de la structure du derme, unifie les glycosaminoglycanes avec des polyuroniques cr\u00e9ant des ponts entre eux; d\u00e9termine la conformation structurelle du tissu conjonctif. MANNITOL 0,3%: Substance \u00e0 grande capacit\u00e9 osmotique, ralentissant la d\u00e9gradation de l&#039;acide hyaluronique. SORBITOL 0,2%: poss\u00e8de des propri\u00e9t\u00e9s hydratantes et stabilisantes, ce qui conf\u00e8re une certaine hydratation occlusive. Il pr\u00e9vient l&#039;inflammation du tissu conjonctif et apporte douceur et lubrification dans la zone appliqu\u00e9e. PANTHENOL 1%: P\u00e9n\u00e8tre profond\u00e9ment dans les couches de la peau; y pr\u00e9serve l&#039;humidit\u00e9 naturelle, aide \u00e0 maintenir une peau saine et \u00e0 stabiliser son m\u00e9tabolisme. GLUTATHIONE 0,5%: Une substance tr\u00e8s importante pour la protection cellulaire. Il agit comme un puissant antioxydant, renforce le niveau immunitaire et a des effets d\u00e9toxifiants. INDICATIONS: Hydratation cutan\u00e9e profonde et durable. Ralentissement du vieillissement de la peau. R\u00e9duit les rides et ridules. Stimule la synth\u00e8se du collag\u00e8ne.\" \/>\n<meta property=\"og:url\" content=\"https:\/\/www.pressensa.com\/fr\/producto\/revitalesse-pour-le-visage\/\" \/>\n<meta property=\"og:site_name\" content=\"Pressensa\" \/>\n<meta property=\"og:image\" content=\"https:\/\/www.pressensa.com\/wp-content\/uploads\/2020\/03\/267-Revitalesse.jpg\" \/>\n\t<meta property=\"og:image:width\" content=\"2160\" \/>\n\t<meta property=\"og:image:height\" content=\"2160\" \/>\n\t<meta property=\"og:image:type\" content=\"image\/jpeg\" \/>\n<meta name=\"twitter:card\" content=\"summary_large_image\" \/>\n<script type=\"application\/ld+json\" class=\"yoast-schema-graph\">{\"@context\":\"https:\\\/\\\/schema.org\",\"@graph\":[{\"@type\":\"WebPage\",\"@id\":\"https:\\\/\\\/www.pressensa.com\\\/fr\\\/producto\\\/revitalesse-pour-le-visage\\\/\",\"url\":\"https:\\\/\\\/www.pressensa.com\\\/fr\\\/producto\\\/revitalesse-pour-le-visage\\\/\",\"name\":\"Revitalesse - Pressensa\",\"isPartOf\":{\"@id\":\"https:\\\/\\\/www.pressensa.com\\\/fr\\\/#website\"},\"primaryImageOfPage\":{\"@id\":\"https:\\\/\\\/www.pressensa.com\\\/fr\\\/producto\\\/revitalesse-pour-le-visage\\\/#primaryimage\"},\"image\":{\"@id\":\"https:\\\/\\\/www.pressensa.com\\\/fr\\\/producto\\\/revitalesse-pour-le-visage\\\/#primaryimage\"},\"thumbnailUrl\":\"https:\\\/\\\/www.pressensa.com\\\/wp-content\\\/uploads\\\/2020\\\/03\\\/267-Revitalesse.jpg\",\"datePublished\":\"2020-03-19T01:29:39+00:00\",\"breadcrumb\":{\"@id\":\"https:\\\/\\\/www.pressensa.com\\\/fr\\\/producto\\\/revitalesse-pour-le-visage\\\/#breadcrumb\"},\"inLanguage\":\"fr-FR\",\"potentialAction\":[{\"@type\":\"ReadAction\",\"target\":[\"https:\\\/\\\/www.pressensa.com\\\/fr\\\/producto\\\/revitalesse-pour-le-visage\\\/\"]}]},{\"@type\":\"ImageObject\",\"inLanguage\":\"fr-FR\",\"@id\":\"https:\\\/\\\/www.pressensa.com\\\/fr\\\/producto\\\/revitalesse-pour-le-visage\\\/#primaryimage\",\"url\":\"https:\\\/\\\/www.pressensa.com\\\/wp-content\\\/uploads\\\/2020\\\/03\\\/267-Revitalesse.jpg\",\"contentUrl\":\"https:\\\/\\\/www.pressensa.com\\\/wp-content\\\/uploads\\\/2020\\\/03\\\/267-Revitalesse.jpg\",\"width\":2160,\"height\":2160,\"caption\":\"Revitalesse\"},{\"@type\":\"BreadcrumbList\",\"@id\":\"https:\\\/\\\/www.pressensa.com\\\/fr\\\/producto\\\/revitalesse-pour-le-visage\\\/#breadcrumb\",\"itemListElement\":[{\"@type\":\"ListItem\",\"position\":1,\"name\":\"Portada\",\"item\":\"https:\\\/\\\/www.pressensa.com\\\/fr\\\/\"},{\"@type\":\"ListItem\",\"position\":2,\"name\":\"Boutique\",\"item\":\"https:\\\/\\\/www.pressensa.com\\\/fr\\\/boutique\\\/\"},{\"@type\":\"ListItem\",\"position\":3,\"name\":\"Revitalesse\"}]},{\"@type\":\"WebSite\",\"@id\":\"https:\\\/\\\/www.pressensa.com\\\/fr\\\/#website\",\"url\":\"https:\\\/\\\/www.pressensa.com\\\/fr\\\/\",\"name\":\"Pressensa\",\"description\":\"Quality Dermal Solutions\",\"publisher\":{\"@id\":\"https:\\\/\\\/www.pressensa.com\\\/fr\\\/#organization\"},\"potentialAction\":[{\"@type\":\"SearchAction\",\"target\":{\"@type\":\"EntryPoint\",\"urlTemplate\":\"https:\\\/\\\/www.pressensa.com\\\/fr\\\/?s={search_term_string}\"},\"query-input\":{\"@type\":\"PropertyValueSpecification\",\"valueRequired\":true,\"valueName\":\"search_term_string\"}}],\"inLanguage\":\"fr-FR\"},{\"@type\":\"Organization\",\"@id\":\"https:\\\/\\\/www.pressensa.com\\\/fr\\\/#organization\",\"name\":\"Pressensa\",\"url\":\"https:\\\/\\\/www.pressensa.com\\\/fr\\\/\",\"logo\":{\"@type\":\"ImageObject\",\"inLanguage\":\"fr-FR\",\"@id\":\"https:\\\/\\\/www.pressensa.com\\\/fr\\\/#\\\/schema\\\/logo\\\/image\\\/\",\"url\":\"https:\\\/\\\/www.pressensa.com\\\/wp-content\\\/uploads\\\/2020\\\/03\\\/pressensa-logo-1577965962.png\",\"contentUrl\":\"https:\\\/\\\/www.pressensa.com\\\/wp-content\\\/uploads\\\/2020\\\/03\\\/pressensa-logo-1577965962.png\",\"width\":146,\"height\":67,\"caption\":\"Pressensa\"},\"image\":{\"@id\":\"https:\\\/\\\/www.pressensa.com\\\/fr\\\/#\\\/schema\\\/logo\\\/image\\\/\"}}]}<\/script>\n<!-- \/ Yoast SEO plugin. -->","yoast_head_json":{"title":"Revitalesse - Pressensa","robots":{"index":"noindex","follow":"follow","max-snippet":"max-snippet:-1","max-image-preview":"max-image-preview:large","max-video-preview":"max-video-preview:-1"},"og_locale":"fr_FR","og_type":"article","og_title":"Revitalesse - Pressensa","og_description":"Revitalesse pour le visage. Formule synergique anti-rides et vieillissement cutan\u00e9. Am\u00e9liore la douceur de la peau, favorise l'\u00e9lasticit\u00e9 des tissus \u00e9pidermiques et dermiques et r\u00e9duit l'oxydation cellulaire en neutralisant les radicaux libres. ACIDE HYALURONIQUE 1,5%: Hydrate la peau, corrige et att\u00e9nue les rides profondes, active la synth\u00e8se de collag\u00e8ne et la fonction fibroblastique. X-DNA 1%: Reconstruit le tissu conjonctif du derme en particulier la prot\u00e9ine de collag\u00e8ne DMAE 1%: r\u00e9affirme les tissus cutan\u00e9s, contrecarre l'affaissement, stabilise la membrane cellulaire et contribue \u00e0 l'\u00e9lasticit\u00e9 des tissus cutan\u00e9s. SILICIUM ORGANIQUE 1%: Il est essentiel pour la mise en place de la structure du derme, unifie les glycosaminoglycanes avec des polyuroniques cr\u00e9ant des ponts entre eux; d\u00e9termine la conformation structurelle du tissu conjonctif. MANNITOL 0,3%: Substance \u00e0 grande capacit\u00e9 osmotique, ralentissant la d\u00e9gradation de l'acide hyaluronique. SORBITOL 0,2%: poss\u00e8de des propri\u00e9t\u00e9s hydratantes et stabilisantes, ce qui conf\u00e8re une certaine hydratation occlusive. Il pr\u00e9vient l'inflammation du tissu conjonctif et apporte douceur et lubrification dans la zone appliqu\u00e9e. PANTHENOL 1%: P\u00e9n\u00e8tre profond\u00e9ment dans les couches de la peau; y pr\u00e9serve l'humidit\u00e9 naturelle, aide \u00e0 maintenir une peau saine et \u00e0 stabiliser son m\u00e9tabolisme. GLUTATHIONE 0,5%: Une substance tr\u00e8s importante pour la protection cellulaire. Il agit comme un puissant antioxydant, renforce le niveau immunitaire et a des effets d\u00e9toxifiants. INDICATIONS: Hydratation cutan\u00e9e profonde et durable. Ralentissement du vieillissement de la peau. R\u00e9duit les rides et ridules. Stimule la synth\u00e8se du collag\u00e8ne.","og_url":"https:\/\/www.pressensa.com\/fr\/producto\/revitalesse-pour-le-visage\/","og_site_name":"Pressensa","og_image":[{"width":2160,"height":2160,"url":"https:\/\/www.pressensa.com\/wp-content\/uploads\/2020\/03\/267-Revitalesse.jpg","type":"image\/jpeg"}],"twitter_card":"summary_large_image","schema":{"@context":"https:\/\/schema.org","@graph":[{"@type":"WebPage","@id":"https:\/\/www.pressensa.com\/fr\/producto\/revitalesse-pour-le-visage\/","url":"https:\/\/www.pressensa.com\/fr\/producto\/revitalesse-pour-le-visage\/","name":"Revitalesse - Pressensa","isPartOf":{"@id":"https:\/\/www.pressensa.com\/fr\/#website"},"primaryImageOfPage":{"@id":"https:\/\/www.pressensa.com\/fr\/producto\/revitalesse-pour-le-visage\/#primaryimage"},"image":{"@id":"https:\/\/www.pressensa.com\/fr\/producto\/revitalesse-pour-le-visage\/#primaryimage"},"thumbnailUrl":"https:\/\/www.pressensa.com\/wp-content\/uploads\/2020\/03\/267-Revitalesse.jpg","datePublished":"2020-03-19T01:29:39+00:00","breadcrumb":{"@id":"https:\/\/www.pressensa.com\/fr\/producto\/revitalesse-pour-le-visage\/#breadcrumb"},"inLanguage":"fr-FR","potentialAction":[{"@type":"ReadAction","target":["https:\/\/www.pressensa.com\/fr\/producto\/revitalesse-pour-le-visage\/"]}]},{"@type":"ImageObject","inLanguage":"fr-FR","@id":"https:\/\/www.pressensa.com\/fr\/producto\/revitalesse-pour-le-visage\/#primaryimage","url":"https:\/\/www.pressensa.com\/wp-content\/uploads\/2020\/03\/267-Revitalesse.jpg","contentUrl":"https:\/\/www.pressensa.com\/wp-content\/uploads\/2020\/03\/267-Revitalesse.jpg","width":2160,"height":2160,"caption":"Revitalesse"},{"@type":"BreadcrumbList","@id":"https:\/\/www.pressensa.com\/fr\/producto\/revitalesse-pour-le-visage\/#breadcrumb","itemListElement":[{"@type":"ListItem","position":1,"name":"Portada","item":"https:\/\/www.pressensa.com\/fr\/"},{"@type":"ListItem","position":2,"name":"Boutique","item":"https:\/\/www.pressensa.com\/fr\/boutique\/"},{"@type":"ListItem","position":3,"name":"Revitalesse"}]},{"@type":"WebSite","@id":"https:\/\/www.pressensa.com\/fr\/#website","url":"https:\/\/www.pressensa.com\/fr\/","name":"Pressensa","description":"Quality Dermal Solutions","publisher":{"@id":"https:\/\/www.pressensa.com\/fr\/#organization"},"potentialAction":[{"@type":"SearchAction","target":{"@type":"EntryPoint","urlTemplate":"https:\/\/www.pressensa.com\/fr\/?s={search_term_string}"},"query-input":{"@type":"PropertyValueSpecification","valueRequired":true,"valueName":"search_term_string"}}],"inLanguage":"fr-FR"},{"@type":"Organization","@id":"https:\/\/www.pressensa.com\/fr\/#organization","name":"Pressensa","url":"https:\/\/www.pressensa.com\/fr\/","logo":{"@type":"ImageObject","inLanguage":"fr-FR","@id":"https:\/\/www.pressensa.com\/fr\/#\/schema\/logo\/image\/","url":"https:\/\/www.pressensa.com\/wp-content\/uploads\/2020\/03\/pressensa-logo-1577965962.png","contentUrl":"https:\/\/www.pressensa.com\/wp-content\/uploads\/2020\/03\/pressensa-logo-1577965962.png","width":146,"height":67,"caption":"Pressensa"},"image":{"@id":"https:\/\/www.pressensa.com\/fr\/#\/schema\/logo\/image\/"}}]}},"_links":{"self":[{"href":"https:\/\/www.pressensa.com\/fr\/wp-json\/wp\/v2\/product\/3068","targetHints":{"allow":["GET"]}}],"collection":[{"href":"https:\/\/www.pressensa.com\/fr\/wp-json\/wp\/v2\/product"}],"about":[{"href":"https:\/\/www.pressensa.com\/fr\/wp-json\/wp\/v2\/types\/product"}],"replies":[{"embeddable":true,"href":"https:\/\/www.pressensa.com\/fr\/wp-json\/wp\/v2\/comments?post=3068"}],"wp:featuredmedia":[{"embeddable":true,"href":"https:\/\/www.pressensa.com\/fr\/wp-json\/wp\/v2\/media\/3062"}],"wp:attachment":[{"href":"https:\/\/www.pressensa.com\/fr\/wp-json\/wp\/v2\/media?parent=3068"}],"wp:term":[{"taxonomy":"product_brand","embeddable":true,"href":"https:\/\/www.pressensa.com\/fr\/wp-json\/wp\/v2\/product_brand?post=3068"},{"taxonomy":"product_cat","embeddable":true,"href":"https:\/\/www.pressensa.com\/fr\/wp-json\/wp\/v2\/product_cat?post=3068"},{"taxonomy":"product_tag","embeddable":true,"href":"https:\/\/www.pressensa.com\/fr\/wp-json\/wp\/v2\/product_tag?post=3068"}],"curies":[{"name":"wp","href":"https:\/\/api.w.org\/{rel}","templated":true}]}}